{"id":207,"date":"2023-02-18T15:00:48","date_gmt":"2023-02-18T14:00:48","guid":{"rendered":"https:\/\/www.kinka-ethiopia.de\/?page_id=207"},"modified":"2023-02-20T10:08:05","modified_gmt":"2023-02-20T09:08:05","slug":"startseite","status":"publish","type":"page","link":"https:\/\/www.kinka-ethiopia.de\/","title":{"rendered":"Homepage"},"content":{"rendered":"\n<p>Our nonprofit association is a platform to the Kara people and their neighboring communities in the Southwest of Ethiopia. We introduce their culture and raise awareness for the challenges they are facing.<\/p>\n\n\n\n<p>Main topics of our association are:<\/p>\n\n\n\n<ul class=\"wp-block-list\">\n<li>Promoting the culture and the culture exchange<\/li>\n\n\n\n<li>Improve medical care in an emergency cases by financial support for transport to and accommodation in clincs<\/li>\n\n\n\n<li>Support students in their desire to attend further education, advanced training and self-improvement<\/li>\n<\/ul>\n\n\n\n<p>For further information on our work and the people behind it visit the next pages.<\/p>\n\n\n\n<figure class=\"wp-block-image size-full\"><img loading=\"lazy\" decoding=\"async\" width=\"1024\" height=\"542\" src=\"https:\/\/www.kinka-ethiopia.de\/wp-content\/uploads\/2023\/02\/homepage.jpg\" alt=\"\" class=\"wp-image-340\" srcset=\"https:\/\/www.kinka-ethiopia.de\/wp-content\/uploads\/2023\/02\/homepage.jpg 1024w, https:\/\/www.kinka-ethiopia.de\/wp-content\/uploads\/2023\/02\/homepage-300x159.jpg 300w, https:\/\/www.kinka-ethiopia.de\/wp-content\/uploads\/2023\/02\/homepage-768x407.jpg 768w\" sizes=\"auto, (max-width: 1024px) 100vw, 1024px\" \/><figcaption class=\"wp-element-caption\">\u00a9 Joey L., Present and future students: Guti Kuli, Asi Kala, Wollyso Muga, Keli Kyma, Ente Algo and Kunki Dula. Hamar Tribe. (Ongoing series 2008-2013).<\/figcaption><\/figure>\n\n\n\n<h3 class=\"wp-block-heading\">KINKA-NEWS<\/h3>\n\n\n\n<div class=\"wp-block-query is-layout-flow wp-block-query-is-layout-flow\"><ul class=\"wp-block-post-template is-layout-flow wp-block-post-template-is-layout-flow\"><li class=\"wp-block-post post-444 post type-post status-publish format-standard hentry category-allgemein en-US\">\n<h4 class=\"wp-block-post-title\"><a href=\"https:\/\/www.kinka-ethiopia.de\/en\/reise-wopo-wopona-suedaethiopien\/\" target=\"_self\" >Reise Wopo &#8211; Wopona (S\u00fcd\u00e4thiopien)<\/a><\/h4>\n\n<div class=\"wp-block-post-date\"><time datetime=\"2025-05-27T17:35:50+02:00\">27. May 2025<\/time><\/div>\n\n\n\n<div class=\"wp-block-post-excerpt\"><p class=\"wp-block-post-excerpt__excerpt\">Einladung zu einer ganz besonderen Jubil\u00e4umsreise \u2013 direkt in unser Einsatzgebiet mit DIAMIR und der Kinka Vorsitzenden Nadine Br\u00fcckner! Zum Firmenjubil\u00e4um von DIAMIR Erlebnisreisen wurden 25 exklusive Jubil\u00e4umsreisen kreiert \u2013 und eine davon f\u00fchrt uns direkt in das Einsatzgebiet von Kinka e.V. Nadine Br\u00fcckner, die 1.Vorsitzende unseres Vereins, wird die Reise als Expertin begleiten. Wir&hellip; <\/p><\/div>\n<\/li><li class=\"wp-block-post post-425 post type-post status-publish format-standard hentry category-allgemein en-US\">\n<h4 class=\"wp-block-post-title\"><a href=\"https:\/\/www.kinka-ethiopia.de\/en\/schulpaten-gesucht\/\" target=\"_self\" >Schulpaten gesucht<\/a><\/h4>\n\n<div class=\"wp-block-post-date\"><time datetime=\"2024-09-22T12:00:00+02:00\">22. September 2024<\/time><\/div>\n\n\n\n<div class=\"wp-block-post-excerpt\"><p class=\"wp-block-post-excerpt__excerpt\">Im Oktober beginnt das neue Schuljahr in \u00c4thiopien. Wir suchen stets Schulpaten f\u00fcr Kinder, die weiterf\u00fchrende Schulen besuchen m\u00f6chten (ab der 5. Klasse). Mit 45 Euro monatlich kann den Kindern das erm\u00f6glicht werden. Aktuell:Seit einigen Jahren wird Turgo von einem Vereinsmitglied mit einer Schulpatenschaft unterst\u00fctzt. Es wurde ihm dadurch erm\u00f6glicht, seine Primary School zu beenden&hellip; <\/p><\/div>\n<\/li><li class=\"wp-block-post post-417 post type-post status-publish format-standard hentry category-allgemein en-US\">\n<h4 class=\"wp-block-post-title\"><a href=\"https:\/\/www.kinka-ethiopia.de\/en\/haka-kala-dah-buurshimamo\/\" target=\"_self\" >Haka kala dah bu\u2019urshimamo!<\/a><\/h4>\n\n<div class=\"wp-block-post-date\"><time datetime=\"2024-09-12T12:00:00+02:00\">12. September 2024<\/time><\/div>\n\n\n\n<div class=\"wp-block-post-excerpt\"><p class=\"wp-block-post-excerpt__excerpt\">Ein St\u00fcck Holz befeuert keinen Kochtopf! Kara Sprichwort In dem Sinne danken wir zum \u00e4thiopischen Neujahrsfest allen Mitstreitern und Unterst\u00fctzern. Unser Verein wirkt im Kleinen und macht doch einen gro\u00dfen Unterschied f\u00fcr viele Menschen in South Omo. In der Sprache der Kara &#8211; ein Danke und die althergebrachte Antwort darauf: Bario hanante koime!Kinka koime!Es wurde&hellip; <\/p><\/div>\n<\/li><li class=\"wp-block-post post-419 post type-post status-publish format-standard hentry category-allgemein en-US\">\n<h4 class=\"wp-block-post-title\"><a href=\"https:\/\/www.kinka-ethiopia.de\/en\/laptopspende\/\" target=\"_self\" >Laptopspende<\/a><\/h4>\n\n<div class=\"wp-block-post-date\"><time datetime=\"2024-07-15T12:00:00+02:00\">15. July 2024<\/time><\/div>\n\n\n\n<div class=\"wp-block-post-excerpt\"><p class=\"wp-block-post-excerpt__excerpt\">Unser Vereinsmitglied Prof. Dr. Miethe hat eine gro\u00dfz\u00fcgige Spende mit nach \u00c4thiopien genommen. Insgesamt vier Laptops konnte Dunga entgegennehmen, stellvertretend f\u00fcr die vier Patensch\u00fcler, f\u00fcr die diese Ger\u00e4te bestimmt sind. Vielen Dank f\u00fcr diese wichtige Spende. Sie macht den Schulalltag leichter &#8211; denn auch in \u00c4thiopien wird, vor allem in den h\u00f6heren Klassen, das Schulmaterial&hellip; <\/p><\/div>\n<\/li><li class=\"wp-block-post post-355 post type-post status-publish format-standard hentry category-allgemein en-US\">\n<h4 class=\"wp-block-post-title\"><a href=\"https:\/\/www.kinka-ethiopia.de\/en\/neujahrsgruesse\/\" target=\"_self\" >Neujahrsgr\u00fc\u00dfe von der KINKA Patensch\u00fclerin Nadine Haila<\/a><\/h4>\n\n<div class=\"wp-block-post-date\"><time datetime=\"2023-02-20T10:09:22+01:00\">20. February 2023<\/time><\/div>\n\n\n\n<div class=\"wp-block-post-excerpt\"><p class=\"wp-block-post-excerpt__excerpt\"> <\/p><\/div>\n<\/li><li class=\"wp-block-post post-267 post type-post status-publish format-standard hentry category-allgemein en-US\">\n<h4 class=\"wp-block-post-title\"><a href=\"https:\/\/www.kinka-ethiopia.de\/en\/grosszuegige-spende-erhalten\/\" target=\"_self\" >Gro\u00dfz\u00fcgige Spende erhalten<\/a><\/h4>\n\n<div class=\"wp-block-post-date\"><time datetime=\"2023-02-09T15:27:00+01:00\">9. February 2023<\/time><\/div>\n\n\n\n<div class=\"wp-block-post-excerpt\"><p class=\"wp-block-post-excerpt__excerpt\">Ende 2022 erhielten wir eine Spende in H\u00f6he von 640\u20ac. Den 60sten Geburtstag nahm ein langj\u00e4hriges Vereinsmitglied zum Anlass, die G\u00e4ste zum SPENDEN statt zum SCHENKEN aufzurufen. Neben dem KINKA e.V. stand noch ein zweiter Verein zur Auswahl. Wir freuen uns sehr, dass so ein gro\u00dfer Betrag zustande kam und schicken einen Teil davon auch&hellip; <\/p><\/div>\n<\/li><li class=\"wp-block-post post-260 post type-post status-publish format-standard hentry category-allgemein en-US\">\n<h4 class=\"wp-block-post-title\"><a href=\"https:\/\/www.kinka-ethiopia.de\/en\/auf-der-suche-nach-gebrauchten-laptops\/\" target=\"_self\" >Auf der Suche nach (gebrauchten) Laptops<\/a><\/h4>\n\n<div class=\"wp-block-post-date\"><time datetime=\"2022-07-02T15:26:00+02:00\">2. July 2022<\/time><\/div>\n\n\n\n<div class=\"wp-block-post-excerpt\"><p class=\"wp-block-post-excerpt__excerpt\">F\u00fcr\u00a0unsere Studenten sind wir immer wieder auf der Suche nach\u00a0gebrauchten, aber voll funktionst\u00fcchtigen Laptops. In \u00c4thiopien wird das Lehrmaterial immer \u00f6fter \u00fcber Datenspeicher oder online zur Verf\u00fcgung gestellt. Um auf den Lernstoff auch au\u00dferhalb der Universit\u00e4t zugreifen zu k\u00f6nnen sowie Hausarbeiten und Projekte bearbeiten zu k\u00f6nnen, ben\u00f6tigen die Studenten einen eigenen\u00a0Laptop. Derzeit besteht Bedarf f\u00fcr&hellip; <\/p><\/div>\n<\/li><li class=\"wp-block-post post-258 post type-post status-publish format-standard hentry category-allgemein en-US\">\n<h4 class=\"wp-block-post-title\"><a href=\"https:\/\/www.kinka-ethiopia.de\/en\/spende-fuer-neu-eingerichtete-geburtsstation\/\" target=\"_self\" >Spende f\u00fcr neu eingerichtete Geburtsstation<\/a><\/h4>\n\n<div class=\"wp-block-post-date\"><time datetime=\"2021-11-02T15:25:00+01:00\">2. November 2021<\/time><\/div>\n\n\n\n<div class=\"wp-block-post-excerpt\"><p class=\"wp-block-post-excerpt__excerpt\">Im&nbsp;Oktober wendete sich Dr. Zeleke, Oberarzt der Klinik in Dus\/ S\u00fcd\u00e4thiopien, mit einer Bitte an unseren Verein. Seit Mitte des Jahres gibt es dort eine professionelle Geburtsstation, angegliedert an die kleine Klinik im Ort. Bisher fanden die meisten Geburten im h\u00e4uslichen Umfeld unter Begleitung einer lokalen Hebamme statt. Durch ungen\u00fcgende hygienische Bedingungen und fehlende medizinische&hellip; <\/p><\/div>\n<\/li><li class=\"wp-block-post post-254 post type-post status-publish format-standard hentry category-allgemein en-US\">\n<h4 class=\"wp-block-post-title\"><a href=\"https:\/\/www.kinka-ethiopia.de\/en\/der-alte-vorstand-wurde-wiedergewaehlt\/\" target=\"_self\" >Der alte Vorstand wurde wiedergew\u00e4hlt<\/a><\/h4>\n\n<div class=\"wp-block-post-date\"><time datetime=\"2021-07-16T15:24:00+02:00\">16. July 2021<\/time><\/div>\n\n\n\n<div class=\"wp-block-post-excerpt\"><p class=\"wp-block-post-excerpt__excerpt\">Wie auch unsere Mitgliedervollversammlung musste auch die Vorstandswahl in diesem Jahr digital erfolgen. Der alte Vorstand wurde wiedergew\u00e4hlt und dankt allen f\u00fcr die Teilnahme unter diesen besonderen Bedingungen der Abstimmung. Wir freuen uns auf drei Jahre voller Dialoge und Projekte mit den Menschen aus \u00c4thiopien sowie Deutschland.&nbsp; <\/p><\/div>\n<\/li><li class=\"wp-block-post post-251 post type-post status-publish format-standard hentry category-allgemein en-US\">\n<h4 class=\"wp-block-post-title\"><a href=\"https:\/\/www.kinka-ethiopia.de\/en\/dankesbrief-aus-dem-omotal\/\" target=\"_self\" >Dankesbrief aus dem Omotal<\/a><\/h4>\n\n<div class=\"wp-block-post-date\"><time datetime=\"2021-05-02T15:23:00+02:00\">2. May 2021<\/time><\/div>\n\n\n\n<div class=\"wp-block-post-excerpt\"><p class=\"wp-block-post-excerpt__excerpt\">Mr. Zemenay Zeleke von der Arztpraxis in Dus \/ Kara schickt uns diesen Dankesbrief. Sch\u00f6n, dass der Verein mit einer Spende zur Bek\u00e4mpfung des Cholera Ausbruchs schnell und effektiv helfen konnte. Vielen Dank an alle Spender! <\/p><\/div>\n<\/li><\/ul>\n\n\n<div style=\"height:100px\" aria-hidden=\"true\" class=\"wp-block-spacer\"><\/div>\n\n\n<nav class=\"wp-block-query-pagination is-horizontal is-content-justification-center is-layout-flex wp-container-core-query-pagination-is-layout-03627597 wp-block-query-pagination-is-layout-flex\" aria-label=\"Pagination\">\n\n\n<div class=\"wp-block-query-pagination-numbers\"><span aria-current=\"page\" class=\"page-numbers current\">1<\/span>\n<a class=\"page-numbers\" href=\"?query-7-page=2\">2<\/a>\n<a class=\"page-numbers\" href=\"?query-7-page=3\">3<\/a><\/div>\n\n<a href=\"\/en\/wp-json\/wp\/v2\/pages\/207?query-7-page=2\" class=\"wp-block-query-pagination-next\">Next Page<\/a>\n<\/nav><\/div>\n","protected":false},"excerpt":{"rendered":"<p>Our nonprofit association is a platform to the Kara people and their neighboring communities in the Southwest of Ethiopia. We introduce their culture and raise awareness for the challenges they are facing. Main topics of our association are: For further information on our work and the people behind it visit the next pages. KINKA-NEWS<\/p>\n","protected":false},"author":2,"featured_media":0,"parent":0,"menu_order":1,"comment_status":"closed","ping_status":"closed","template":"","meta":{"_locale":"en_US","_original_post":"https:\/\/www.kinka-ethiopia.de\/?page_id=204","footnotes":""},"class_list":["post-207","page","type-page","status-publish","hentry","en-US"],"_links":{"self":[{"href":"https:\/\/www.kinka-ethiopia.de\/wp-json\/wp\/v2\/pages\/207","targetHints":{"allow":["GET"]}}],"collection":[{"href":"https:\/\/www.kinka-ethiopia.de\/wp-json\/wp\/v2\/pages"}],"about":[{"href":"https:\/\/www.kinka-ethiopia.de\/wp-json\/wp\/v2\/types\/page"}],"author":[{"embeddable":true,"href":"https:\/\/www.kinka-ethiopia.de\/wp-json\/wp\/v2\/users\/2"}],"replies":[{"embeddable":true,"href":"https:\/\/www.kinka-ethiopia.de\/wp-json\/wp\/v2\/comments?post=207"}],"version-history":[{"count":10,"href":"https:\/\/www.kinka-ethiopia.de\/wp-json\/wp\/v2\/pages\/207\/revisions"}],"predecessor-version":[{"id":342,"href":"https:\/\/www.kinka-ethiopia.de\/wp-json\/wp\/v2\/pages\/207\/revisions\/342"}],"wp:attachment":[{"href":"https:\/\/www.kinka-ethiopia.de\/wp-json\/wp\/v2\/media?parent=207"}],"curies":[{"name":"wp","href":"https:\/\/api.w.org\/{rel}","templated":true}]}}